{"id":390,"date":"2022-08-31T20:18:44","date_gmt":"2022-08-31T17:18:44","guid":{"rendered":"http:\/\/inosence.com\/?page_id=390"},"modified":"2025-11-03T12:41:00","modified_gmt":"2025-11-03T10:41:00","slug":"inosence-uutiset","status":"publish","type":"page","link":"http:\/\/inosence.com\/?page_id=390&lang=fi","title":{"rendered":"Uutiset"},"content":{"rendered":"\n<h3 class=\"wp-block-heading\">Inosence Polyol palkittiin Vastuullisuusteko 2025 -tunnustuksella<\/h3>\n\n\n\n<p><a href=\"https:\/\/inosence.com\/?p=620&amp;lang=fi\">Lue lis\u00e4\u00e4<\/a><\/p>\n\n\n\n<hr class=\"wp-block-separator has-alpha-channel-opacity is-style-wide\"\/>\n\n\n\n<p><a href=\"https:\/\/www.tekniikkatalous.fi\/uutiset\/vaikeasti-kierratettavasta-muovista-saa-tehokkaita-lammoneristeita-upm-finnfoam-ja-inosence-polyol-kehittivat-kemiallisen-ratkaisun\/61c688a0-d38e-4661-aca9-6c673a0fea8d\">https:\/\/www.tekniikkatalous.fi\/uutiset\/vaikeasti-kierratettavasta-muovista-saa-tehokkaita-lammoneristeita-upm-finnfoam-ja-inosence-polyol-kehittivat-kemiallisen-ratkaisun\/61c688a0-d38e-4661-aca9-6c673a0fea8d<\/a><\/p>\n\n\n\n<div class=\"wp-block-media-text is-stacked-on-mobile\" style=\"grid-template-columns:15% auto\"><figure class=\"wp-block-media-text__media\"><img loading=\"lazy\" decoding=\"async\" width=\"640\" height=\"360\" src=\"http:\/\/inosence.com\/wp-content\/uploads\/2024\/07\/Untitled-design-1.png\" alt=\"\" class=\"wp-image-601 size-full\" srcset=\"http:\/\/inosence.com\/wp-content\/uploads\/2024\/07\/Untitled-design-1.png 640w, http:\/\/inosence.com\/wp-content\/uploads\/2024\/07\/Untitled-design-1-300x169.png 300w\" sizes=\"auto, (max-width: 640px) 100vw, 640px\" \/><\/figure><div class=\"wp-block-media-text__content\">\n<p>Kiertotalousloikka sivuston julkaisu Inosence Polyolin toiminnasta ja toimintamallista. <a href=\"https:\/\/kestavyysloikka.ymparisto.fi\/energiatehokkuutta-kierratysmuovilla\/\">Lue lis\u00e4\u00e4 t\u00e4\u00e4lt\u00e4.<\/a><\/p>\n<\/div><\/div>\n\n\n\n<div class=\"wp-block-media-text is-stacked-on-mobile\" style=\"grid-template-columns:15% auto\"><figure class=\"wp-block-media-text__media\"><img loading=\"lazy\" decoding=\"async\" width=\"512\" height=\"768\" src=\"http:\/\/inosence.com\/wp-content\/uploads\/2024\/07\/PETPolyoli007.jpg\" alt=\"\" class=\"wp-image-464 size-full\" srcset=\"http:\/\/inosence.com\/wp-content\/uploads\/2024\/07\/PETPolyoli007.jpg 512w, http:\/\/inosence.com\/wp-content\/uploads\/2024\/07\/PETPolyoli007-200x300.jpg 200w\" sizes=\"auto, (max-width: 512px) 100vw, 512px\" \/><\/figure><div class=\"wp-block-media-text__content\">\n<p>Ylen julkaisema uutinen miten etikettien tarraroska jalostuu l\u00e4mp\u00f6eristeeksi \u2013 kolmen yrityksen yhteisty\u00f6ll\u00e4 syntyi ainutlaatuinen tapa kierr\u00e4tt\u00e4\u00e4 muovia. <a href=\"https:\/\/yle.fi\/a\/3-12516344\">Lue lis\u00e4\u00e4 t\u00e4\u00e4lt\u00e4.<\/a><\/p>\n<\/div><\/div>\n\n\n\n<div class=\"wp-block-media-text is-stacked-on-mobile\" style=\"grid-template-columns:15% auto\"><figure class=\"wp-block-media-text__media\"><img loading=\"lazy\" decoding=\"async\" width=\"425\" height=\"467\" src=\"http:\/\/inosence.com\/wp-content\/uploads\/2024\/07\/Kuva-1.jpeg\" alt=\"\" class=\"wp-image-595 size-full\" srcset=\"http:\/\/inosence.com\/wp-content\/uploads\/2024\/07\/Kuva-1.jpeg 425w, http:\/\/inosence.com\/wp-content\/uploads\/2024\/07\/Kuva-1-273x300.jpeg 273w\" sizes=\"auto, (max-width: 425px) 100vw, 425px\" \/><\/figure><div class=\"wp-block-media-text__content\">\n<p>Ylen julkaisu, jossa kerrotaan tarraetikettien kierr\u00e4tyksest\u00e4 Suomessa \u2013 Salossa tarroista valmistuu l\u00e4mm\u00f6neristett\u00e4 taloihin. <a href=\"https:\/\/yle.fi\/a\/3-12496179\">Lue lis\u00e4\u00e4 t\u00e4\u00e4lt\u00e4<\/a><\/p>\n<\/div><\/div>\n\n\n\n<div class=\"wp-block-media-text is-stacked-on-mobile\" style=\"grid-template-columns:15% auto\"><figure class=\"wp-block-media-text__media\"><img decoding=\"async\" src=\"http:\/\/inosence.com\/wp-content\/uploads\/2024\/07\/RAF_RafCycleBY_R_vertical_BLACK.svg\" alt=\"\" class=\"wp-image-599 size-full\"\/><\/figure><div class=\"wp-block-media-text__content\">\n<p>Labels &amp; Labeling englanninkielinen julkaisu, miss\u00e4 kerrotaan UMP Raflatacin ja Inosencen yhteisty\u00f6st\u00e4, jossa tarranauhojen taustanauhaj\u00e4tteest\u00e4 valmistetaan eristeiden raaka-ainetta. <a href=\"https:\/\/www.labelsandlabeling.com\/news\/sustainability\/upm-raflatac-turn-label-waste-building-insulation\">Lue lis\u00e4\u00e4 t\u00e4\u00e4lt\u00e4.<\/a><\/p>\n<\/div><\/div>\n\n\n\n<p><\/p>\n\n\n\n<p><a href=\"https:\/\/www.recycling-magazine.com\/2022\/06\/17\/utilization-of-label-waste-as-a-raw-material-for-building-insulation\/\">https:\/\/www.recycling-magazine.com\/2022\/06\/17\/utilization-of-label-waste-as-a-raw-material-for-building-insulation\/<\/a><\/p>\n\n\n\n<p><a href=\"https:\/\/www.ostologistiikka.fi\/kategoriat\/teknologia\/tarrakalvoille-loytyi-kierratysmalli\">https:\/\/www.ostologistiikka.fi\/kategoriat\/teknologia\/tarrakalvoille-loytyi-kierratysmalli<\/a><\/p>\n\n\n\n<p><a href=\"https:\/\/ground.news\/article\/upm-inosence-finnfoam-collaborate-on-liner-recycling\">https:\/\/ground.news\/article\/upm-inosence-finnfoam-collaborate-on-liner-recycling<\/a><\/p>\n\n\n\n<p><a href=\"https:\/\/www.bvse.de\/gut-informiert-kunststoffrecycling\/nachrichten-recycling\/8641-innovative-zusammenarbeit-ermoeglicht-die-nutzung-von-etikettenabfaellen-als-rohstoff-fuer-daemmmaterial.html\">https:\/\/www.bvse.de\/gut-informiert-kunststoffrecycling\/nachrichten-recycling\/8641-innovative-zusammenarbeit-ermoeglicht-die-nutzung-von-etikettenabfaellen-als-rohstoff-fuer-daemmmaterial.html<\/a><\/p>\n\n\n\n<p><a href=\"https:\/\/woodconnect.pro\/news\/1760-v-finlyandii-podlozhku-ot-etiketok-ispolzuyut-v-proizvodstve-izolyaczii-dlya-zdanij\/\">https:\/\/woodconnect.pro\/news\/1760-v-finlyandii-podlozhku-ot-etiketok-ispolzuyut-v-proizvodstve-izolyaczii-dlya-zdanij\/<\/a><\/p>\n\n\n\n<p><a href=\"https:\/\/www.labelpack.de\/kooperation-nutzt-etikettenabfaelle-als-rohstoff-fuer-daemmmaterial\/\">https:\/\/www.labelpack.de\/kooperation-nutzt-etikettenabfaelle-als-rohstoff-fuer-daemmmaterial\/<\/a><\/p>\n\n\n\n<p><a href=\"https:\/\/www.etiquetanews.com\/nueva-utilidad-de-los-residuos-de-las-etiquetas\/\">https:\/\/www.etiquetanews.com\/nueva-utilidad-de-los-residuos-de-las-etiquetas\/<\/a><\/p>\n\n\n\n<p><a href=\"http:\/\/www.packaging-polska.pl\/pg\/pl\/content\/ekologia\/drugie_zycie_etykiet.html\" target=\"_blank\" rel=\"noreferrer noopener\">http:\/\/www.packaging-polska.pl\/pg\/pl\/content\/ekologia\/drugie_zycie_etykiet.html<\/a><\/p>\n\n\n\n<p><a href=\"https:\/\/www.polymerupdate.com\/news\/press-release-details.aspx?id=25412\">https:\/\/www.polymerupdate.com\/news\/press-release-details.aspx?id=25412<\/a><\/p>\n\n\n\n<p><a href=\"https:\/\/en.newspackaging.es\/use-of-label-waste-as-raw-material-for-building-insulation\/\">https:\/\/en.newspackaging.es\/use-of-label-waste-as-raw-material-for-building-insulation\/<\/a><\/p>\n\n\n\n<p><a href=\"https:\/\/luetuimmat3.rssing.com\/chan-4891427\/all_p3636.html\">https:\/\/luetuimmat3.rssing.com\/chan-4891427\/all_p3636.html<\/a><\/p>\n\n\n\n<p><a href=\"https:\/\/www.converter.it\/upm-raflatac-dagli-scarti-di-etichette-nasce-la-materia-prima-per-lisolamento-degli-edifici\/\">https:\/\/www.converter.it\/upm-raflatac-dagli-scarti-di-etichette-nasce-la-materia-prima-per-lisolamento-degli-edifici\/<\/a><\/p>\n","protected":false},"excerpt":{"rendered":"<p>Inosence Polyol palkittiin Vastuullisuusteko 2025 -tunnustuksella Lue lis\u00e4\u00e4 https:\/\/www.tekniikkatalous.fi\/uutiset\/vaikeasti-kierratettavasta-muovista-saa-tehokkaita-lammoneristeita-upm-finnfoam-ja-inosence-polyol-kehittivat-kemiallisen-ratkaisun\/61c688a0-d38e-4661-aca9-6c673a0fea8d Kiertotalousloikka sivuston julkaisu Inosence Polyolin toiminnasta ja toimintamallista. Lue lis\u00e4\u00e4 t\u00e4\u00e4lt\u00e4. Ylen julkaisema uutinen miten etikettien tarraroska jalostuu l\u00e4mp\u00f6eristeeksi \u2013 kolmen yrityksen yhteisty\u00f6ll\u00e4 syntyi ainutlaatuinen tapa kierr\u00e4tt\u00e4\u00e4 muovia. Lue lis\u00e4\u00e4 t\u00e4\u00e4lt\u00e4. Ylen julkaisu, jossa kerrotaan tarraetikettien kierr\u00e4tyksest\u00e4 Suomessa \u2013 Salossa tarroista valmistuu l\u00e4mm\u00f6neristett\u00e4 taloihin. Lue lis\u00e4\u00e4 &hellip; <\/p>\n<p class=\"link-more\"><a href=\"http:\/\/inosence.com\/?page_id=390&#038;lang=fi\" class=\"more-link\">Jatka lukemista<span class=\"screen-reader-text\"> &#8221;Uutiset&#8221;<\/span><\/a><\/p>\n","protected":false},"author":1,"featured_media":0,"parent":0,"menu_order":0,"comment_status":"closed","ping_status":"closed","template":"","meta":{"inline_featured_image":false,"footnotes":""},"class_list":["post-390","page","type-page","status-publish","hentry"],"yoast_head":"<!-- This site is optimized with the Yoast SEO plugin v27.5 - https:\/\/yoast.com\/product\/yoast-seo-wordpress\/ -->\n<title>Inosence Uutiset<\/title>\n<meta name=\"description\" content=\"Inosence Uutiset\" \/>\n<meta name=\"robots\" content=\"index, follow, max-snippet:-1, max-image-preview:large, max-video-preview:-1\" \/>\n<link rel=\"canonical\" href=\"http:\/\/inosence.com\/?page_id=390&lang=fi\" \/>\n<meta property=\"og:locale\" content=\"fi_FI\" \/>\n<meta property=\"og:type\" content=\"article\" \/>\n<meta property=\"og:title\" content=\"Inosence Uutiset\" \/>\n<meta property=\"og:description\" content=\"Inosence Uutiset\" \/>\n<meta property=\"og:url\" content=\"http:\/\/inosence.com\/?page_id=390&amp;lang=fi\" \/>\n<meta property=\"article:modified_time\" content=\"2025-11-03T10:41:00+00:00\" \/>\n<meta property=\"og:image\" content=\"http:\/\/inosence.com\/wp-content\/uploads\/2024\/07\/Untitled-design-1.png\" \/>\n<meta name=\"twitter:card\" content=\"summary_large_image\" \/>\n<meta name=\"twitter:label1\" content=\"Arvioitu lukuaika\" \/>\n\t<meta name=\"twitter:data1\" content=\"2 minuuttia\" \/>\n<script type=\"application\/ld+json\" class=\"yoast-schema-graph\">{\"@context\":\"https:\\\/\\\/schema.org\",\"@graph\":[{\"@type\":\"WebPage\",\"@id\":\"http:\\\/\\\/inosence.com\\\/?page_id=390&lang=fi\",\"url\":\"http:\\\/\\\/inosence.com\\\/?page_id=390&lang=fi\",\"name\":\"Inosence Uutiset\",\"isPartOf\":{\"@id\":\"http:\\\/\\\/inosence.com\\\/#website\"},\"primaryImageOfPage\":{\"@id\":\"http:\\\/\\\/inosence.com\\\/?page_id=390&lang=fi#primaryimage\"},\"image\":{\"@id\":\"http:\\\/\\\/inosence.com\\\/?page_id=390&lang=fi#primaryimage\"},\"thumbnailUrl\":\"http:\\\/\\\/inosence.com\\\/wp-content\\\/uploads\\\/2024\\\/07\\\/Untitled-design-1.png\",\"datePublished\":\"2022-08-31T17:18:44+00:00\",\"dateModified\":\"2025-11-03T10:41:00+00:00\",\"description\":\"Inosence Uutiset\",\"breadcrumb\":{\"@id\":\"http:\\\/\\\/inosence.com\\\/?page_id=390&lang=fi#breadcrumb\"},\"inLanguage\":\"fi\",\"potentialAction\":[{\"@type\":\"ReadAction\",\"target\":[\"http:\\\/\\\/inosence.com\\\/?page_id=390&lang=fi\"]}]},{\"@type\":\"ImageObject\",\"inLanguage\":\"fi\",\"@id\":\"http:\\\/\\\/inosence.com\\\/?page_id=390&lang=fi#primaryimage\",\"url\":\"http:\\\/\\\/inosence.com\\\/wp-content\\\/uploads\\\/2024\\\/07\\\/Untitled-design-1.png\",\"contentUrl\":\"http:\\\/\\\/inosence.com\\\/wp-content\\\/uploads\\\/2024\\\/07\\\/Untitled-design-1.png\",\"width\":640,\"height\":360},{\"@type\":\"BreadcrumbList\",\"@id\":\"http:\\\/\\\/inosence.com\\\/?page_id=390&lang=fi#breadcrumb\",\"itemListElement\":[{\"@type\":\"ListItem\",\"position\":1,\"name\":\"Etusivu\",\"item\":\"http:\\\/\\\/inosence.com\\\/\"},{\"@type\":\"ListItem\",\"position\":2,\"name\":\"Uutiset\"}]},{\"@type\":\"WebSite\",\"@id\":\"http:\\\/\\\/inosence.com\\\/#website\",\"url\":\"http:\\\/\\\/inosence.com\\\/\",\"name\":\"inosence.com\",\"description\":\"Nordic Pure Polyol\",\"publisher\":{\"@id\":\"http:\\\/\\\/inosence.com\\\/#organization\"},\"potentialAction\":[{\"@type\":\"SearchAction\",\"target\":{\"@type\":\"EntryPoint\",\"urlTemplate\":\"http:\\\/\\\/inosence.com\\\/?s={search_term_string}\"},\"query-input\":{\"@type\":\"PropertyValueSpecification\",\"valueRequired\":true,\"valueName\":\"search_term_string\"}}],\"inLanguage\":\"fi\"},{\"@type\":\"Organization\",\"@id\":\"http:\\\/\\\/inosence.com\\\/#organization\",\"name\":\"Inosence Polyol Finland\",\"alternateName\":\"PET based polyester polyols\",\"url\":\"http:\\\/\\\/inosence.com\\\/\",\"logo\":{\"@type\":\"ImageObject\",\"inLanguage\":\"fi\",\"@id\":\"http:\\\/\\\/inosence.com\\\/#\\\/schema\\\/logo\\\/image\\\/\",\"url\":\"http:\\\/\\\/inosence.com\\\/wp-content\\\/uploads\\\/2022\\\/04\\\/cropped-Web-kuva_tyo.jpg\",\"contentUrl\":\"http:\\\/\\\/inosence.com\\\/wp-content\\\/uploads\\\/2022\\\/04\\\/cropped-Web-kuva_tyo.jpg\",\"width\":2000,\"height\":1200,\"caption\":\"Inosence Polyol Finland\"},\"image\":{\"@id\":\"http:\\\/\\\/inosence.com\\\/#\\\/schema\\\/logo\\\/image\\\/\"}}]}<\/script>\n<!-- \/ Yoast SEO plugin. -->","yoast_head_json":{"title":"Inosence Uutiset","description":"Inosence Uutiset","robots":{"index":"index","follow":"follow","max-snippet":"max-snippet:-1","max-image-preview":"max-image-preview:large","max-video-preview":"max-video-preview:-1"},"canonical":"http:\/\/inosence.com\/?page_id=390&lang=fi","og_locale":"fi_FI","og_type":"article","og_title":"Inosence Uutiset","og_description":"Inosence Uutiset","og_url":"http:\/\/inosence.com\/?page_id=390&lang=fi","article_modified_time":"2025-11-03T10:41:00+00:00","og_image":[{"url":"http:\/\/inosence.com\/wp-content\/uploads\/2024\/07\/Untitled-design-1.png","type":"","width":"","height":""}],"twitter_card":"summary_large_image","twitter_misc":{"Arvioitu lukuaika":"2 minuuttia"},"schema":{"@context":"https:\/\/schema.org","@graph":[{"@type":"WebPage","@id":"http:\/\/inosence.com\/?page_id=390&lang=fi","url":"http:\/\/inosence.com\/?page_id=390&lang=fi","name":"Inosence Uutiset","isPartOf":{"@id":"http:\/\/inosence.com\/#website"},"primaryImageOfPage":{"@id":"http:\/\/inosence.com\/?page_id=390&lang=fi#primaryimage"},"image":{"@id":"http:\/\/inosence.com\/?page_id=390&lang=fi#primaryimage"},"thumbnailUrl":"http:\/\/inosence.com\/wp-content\/uploads\/2024\/07\/Untitled-design-1.png","datePublished":"2022-08-31T17:18:44+00:00","dateModified":"2025-11-03T10:41:00+00:00","description":"Inosence Uutiset","breadcrumb":{"@id":"http:\/\/inosence.com\/?page_id=390&lang=fi#breadcrumb"},"inLanguage":"fi","potentialAction":[{"@type":"ReadAction","target":["http:\/\/inosence.com\/?page_id=390&lang=fi"]}]},{"@type":"ImageObject","inLanguage":"fi","@id":"http:\/\/inosence.com\/?page_id=390&lang=fi#primaryimage","url":"http:\/\/inosence.com\/wp-content\/uploads\/2024\/07\/Untitled-design-1.png","contentUrl":"http:\/\/inosence.com\/wp-content\/uploads\/2024\/07\/Untitled-design-1.png","width":640,"height":360},{"@type":"BreadcrumbList","@id":"http:\/\/inosence.com\/?page_id=390&lang=fi#breadcrumb","itemListElement":[{"@type":"ListItem","position":1,"name":"Etusivu","item":"http:\/\/inosence.com\/"},{"@type":"ListItem","position":2,"name":"Uutiset"}]},{"@type":"WebSite","@id":"http:\/\/inosence.com\/#website","url":"http:\/\/inosence.com\/","name":"inosence.com","description":"Nordic Pure Polyol","publisher":{"@id":"http:\/\/inosence.com\/#organization"},"potentialAction":[{"@type":"SearchAction","target":{"@type":"EntryPoint","urlTemplate":"http:\/\/inosence.com\/?s={search_term_string}"},"query-input":{"@type":"PropertyValueSpecification","valueRequired":true,"valueName":"search_term_string"}}],"inLanguage":"fi"},{"@type":"Organization","@id":"http:\/\/inosence.com\/#organization","name":"Inosence Polyol Finland","alternateName":"PET based polyester polyols","url":"http:\/\/inosence.com\/","logo":{"@type":"ImageObject","inLanguage":"fi","@id":"http:\/\/inosence.com\/#\/schema\/logo\/image\/","url":"http:\/\/inosence.com\/wp-content\/uploads\/2022\/04\/cropped-Web-kuva_tyo.jpg","contentUrl":"http:\/\/inosence.com\/wp-content\/uploads\/2022\/04\/cropped-Web-kuva_tyo.jpg","width":2000,"height":1200,"caption":"Inosence Polyol Finland"},"image":{"@id":"http:\/\/inosence.com\/#\/schema\/logo\/image\/"}}]}},"_links":{"self":[{"href":"http:\/\/inosence.com\/index.php?rest_route=\/wp\/v2\/pages\/390","targetHints":{"allow":["GET"]}}],"collection":[{"href":"http:\/\/inosence.com\/index.php?rest_route=\/wp\/v2\/pages"}],"about":[{"href":"http:\/\/inosence.com\/index.php?rest_route=\/wp\/v2\/types\/page"}],"author":[{"embeddable":true,"href":"http:\/\/inosence.com\/index.php?rest_route=\/wp\/v2\/users\/1"}],"replies":[{"embeddable":true,"href":"http:\/\/inosence.com\/index.php?rest_route=%2Fwp%2Fv2%2Fcomments&post=390"}],"version-history":[{"count":11,"href":"http:\/\/inosence.com\/index.php?rest_route=\/wp\/v2\/pages\/390\/revisions"}],"predecessor-version":[{"id":630,"href":"http:\/\/inosence.com\/index.php?rest_route=\/wp\/v2\/pages\/390\/revisions\/630"}],"wp:attachment":[{"href":"http:\/\/inosence.com\/index.php?rest_route=%2Fwp%2Fv2%2Fmedia&parent=390"}],"curies":[{"name":"wp","href":"https:\/\/api.w.org\/{rel}","templated":true}]}}