{"id":304,"date":"2022-04-18T13:22:18","date_gmt":"2022-04-18T10:22:18","guid":{"rendered":"http:\/\/inosence.com\/?page_id=304"},"modified":"2024-07-11T13:51:36","modified_gmt":"2024-07-11T10:51:36","slug":"tuotteet","status":"publish","type":"page","link":"http:\/\/inosence.com\/?page_id=304&lang=fi","title":{"rendered":"Tuotteet"},"content":{"rendered":"\n<figure class=\"wp-block-gallery has-nested-images columns-default is-cropped wp-block-gallery-1 is-layout-flex wp-block-gallery-is-layout-flex\">\n<figure class=\"wp-block-image size-full\"><img loading=\"lazy\" decoding=\"async\" width=\"1024\" height=\"683\" data-id=\"463\" src=\"http:\/\/inosence.com\/wp-content\/uploads\/2024\/07\/PETPolyoli008.jpg\" alt=\"Matka raaka-aineesta tuotteeksi\" class=\"wp-image-463\" srcset=\"http:\/\/inosence.com\/wp-content\/uploads\/2024\/07\/PETPolyoli008.jpg 1024w, http:\/\/inosence.com\/wp-content\/uploads\/2024\/07\/PETPolyoli008-300x200.jpg 300w, http:\/\/inosence.com\/wp-content\/uploads\/2024\/07\/PETPolyoli008-768x512.jpg 768w\" sizes=\"auto, (max-width: 706px) 89vw, (max-width: 767px) 82vw, 740px\" \/><\/figure>\n\n\n\n<figure class=\"wp-block-image size-large\"><img loading=\"lazy\" decoding=\"async\" width=\"813\" height=\"1024\" data-id=\"568\" src=\"http:\/\/inosence.com\/wp-content\/uploads\/2024\/07\/FF-PIR_ALK_group_02_hd-1-813x1024.png\" alt=\"\" class=\"wp-image-568\" srcset=\"http:\/\/inosence.com\/wp-content\/uploads\/2024\/07\/FF-PIR_ALK_group_02_hd-1-813x1024.png 813w, http:\/\/inosence.com\/wp-content\/uploads\/2024\/07\/FF-PIR_ALK_group_02_hd-1-238x300.png 238w, http:\/\/inosence.com\/wp-content\/uploads\/2024\/07\/FF-PIR_ALK_group_02_hd-1-768x967.png 768w, http:\/\/inosence.com\/wp-content\/uploads\/2024\/07\/FF-PIR_ALK_group_02_hd-1-1220x1536.png 1220w, http:\/\/inosence.com\/wp-content\/uploads\/2024\/07\/FF-PIR_ALK_group_02_hd-1-1626x2048.png 1626w\" sizes=\"auto, (max-width: 706px) 89vw, (max-width: 767px) 82vw, 740px\" \/><\/figure>\n\n\n\n<figure class=\"wp-block-image size-large\"><img loading=\"lazy\" decoding=\"async\" width=\"480\" height=\"640\" data-id=\"567\" src=\"http:\/\/inosence.com\/wp-content\/uploads\/2024\/07\/IMG_1514-1.png\" alt=\"\" class=\"wp-image-567\" srcset=\"http:\/\/inosence.com\/wp-content\/uploads\/2024\/07\/IMG_1514-1.png 480w, http:\/\/inosence.com\/wp-content\/uploads\/2024\/07\/IMG_1514-1-225x300.png 225w\" sizes=\"auto, (max-width: 480px) 100vw, 480px\" \/><\/figure>\n<figcaption class=\"blocks-gallery-caption wp-element-caption\">Kaikki tuotteemme r\u00e4\u00e4t\u00e4l\u00f6id\u00e4\u00e4n asiakkaan tarpeiden mukaisesti. Meill\u00e4 on my\u00f6s mahdollisuus sekoittaa tuotteeseen asiakkaan toivomat lis\u00e4aineet ennen tuotteen toimitusta asiakkaan k\u00e4ytt\u00f6\u00f6n. <\/figcaption><\/figure>\n\n\n\n<p style=\"font-size:25px;letter-spacing:5px\">Polyolia yhden mikronin tarkkuudella<\/p>\n\n\n\n<p>Tervetuloa tutustumaan yrityksemme innovatiivisiin polyesteripolyolituotteisiin! Meill\u00e4 on ilo tarjota markkinoiden vastuullisimmat ja r\u00e4\u00e4t\u00e4l\u00f6it\u00e4viss\u00e4 olevat polyesteripolyolit, jotka vastaavat erinomaisesti asiakkaidemme erilaisiin tarpeisiin.<\/p>\n\n\n\n<p>Inosence tarjoaa kaikenlaisia polyesteripolyoleja polyuretaanivaahtotuotantoon, mukaan lukien eristelevyvalmistus, yksikomponenttivaahtovalmistus (OCF) sek\u00e4 PUR ja PIR systeemit esim. sandwich-elementtituotantoon.&nbsp;Tuotteidemme ainutlaatuinen ominaisuus on niiden r\u00e4\u00e4t\u00e4l\u00f6it\u00e4vyys: voimme muokata polyesteripolyolien ominaisuudet tarkasti juuri teid\u00e4n tarpeitanne vastaaviksi.<\/p>\n\n\n\n<p><strong>Vastuullisuus<\/strong><\/p>\n\n\n\n<p>Vastuullisuus on toimintamme ytimess\u00e4. Tuotannossamme k\u00e4ytetyn kierr\u00e4tetyn ja biomateriaalin osuus on noin 40 % lopputuotteesta. T\u00e4m\u00e4 tekee tuotteistamme ymp\u00e4rist\u00f6yst\u00e4v\u00e4llisi\u00e4 ja auttaa asiakkaitamme pienent\u00e4m\u00e4\u00e4n erityisesti rakentamisen hiilijalanj\u00e4lke\u00e4. Olemme erityisen ylpeit\u00e4 siit\u00e4, ett\u00e4 vuoden 2023 loppuun menness\u00e4 olemme jalostaneet yli 1 000 000 kiloa j\u00e4te- ja kierr\u00e4tys PET- muovia uudeksi tuotteeksi, jonka k\u00e4ytt\u00f6ik\u00e4 on parhaimmillaan kymmeni\u00e4 vuosia.&nbsp;<\/p>\n\n\n\n<p>Tuotteidemme vastuullisuuden todistaa hiljattain valmistunut LCA-screeningtutkimus, jolla arvioimme tuotteidemme elinkaaren aikaisia ymp\u00e4rist\u00f6vaikutuksia. Olemme ylpeit\u00e4 voidessamme kertoa, ett\u00e4 tutkimustulokset tukevat v\u00e4itett\u00e4mme markkinoiden vastuullisimmista tuotteista. Jaamme mielell\u00e4mme lis\u00e4tietoja tutkimuksesta kaikille kiinnostuneille.<\/p>\n\n\n\n<p><strong>Innovaatio ja Laatu<\/strong><\/p>\n\n\n\n<p>Tuotantoprosessimme perustuu omaan innovaatioomme, joka takaa korkean laadun ja tarkkuuden. Suodatustarkkuutemme on huippuluokkaa \u2013 vain 1 mikrometri \u2013 mik\u00e4 varmistaa tuotteidemme soveltuvuuden vaativimpiinkin k\u00e4ytt\u00f6kohteisiin.<\/p>\n\n\n\n<p class=\"has-text-align-left has-small-font-size\"> <mark style=\"background-color:rgba(0, 0, 0, 0)\" class=\"has-inline-color has-white-color\">  &#8230;.<\/mark><img loading=\"lazy\" decoding=\"async\" width=\"1000\" height=\"571\" class=\"wp-image-360\" style=\"width: 1000px;\" src=\"http:\/\/inosence.com\/wp-content\/uploads\/2022\/06\/websitetable5-1.svg\" alt=\"\"><\/p>\n\n\n\n<p><strong>Yhteisty\u00f6 ja R\u00e4\u00e4t\u00e4l\u00f6inti<\/strong><\/p>\n\n\n\n<p>Yhteisty\u00f6 asiakkaidemme kanssa on meille ensiarvoisen t\u00e4rke\u00e4\u00e4. K\u00e4yt\u00f6ss\u00e4mme on oma tuotekehitysp\u00e4\u00e4llikk\u00f6, joka ty\u00f6skentelee tiiviisti asiakkaidemme kanssa kehitt\u00e4en heille tarpeiden mukaisen tuotteen. T\u00e4m\u00e4 henkil\u00f6kohtainen palvelu takaa, ett\u00e4 jokainen ratkaisu on optimoitu vastaamaan asiakkaan erityisvaatimuksia ja toiveita.<\/p>\n\n\n\n<p>Tavoitteenamme on tarjota asiakkaillemme parasta mahdollista laatua ja vastuullisuutta yhdistettyn\u00e4 r\u00e4\u00e4t\u00e4l\u00f6it\u00e4viin ratkaisuihin. Ota yhteytt\u00e4 ja keskustellaan lis\u00e4\u00e4, kuinka voimme auttaa juuri teit\u00e4 saavuttamaan kest\u00e4v\u00e4n kehityksen tavoitteet ja erinomaiset eristeratkaisut!<\/p>\n","protected":false},"excerpt":{"rendered":"<p>Polyolia yhden mikronin tarkkuudella Tervetuloa tutustumaan yrityksemme innovatiivisiin polyesteripolyolituotteisiin! Meill\u00e4 on ilo tarjota markkinoiden vastuullisimmat ja r\u00e4\u00e4t\u00e4l\u00f6it\u00e4viss\u00e4 olevat polyesteripolyolit, jotka vastaavat erinomaisesti asiakkaidemme erilaisiin tarpeisiin. Inosence tarjoaa kaikenlaisia polyesteripolyoleja polyuretaanivaahtotuotantoon, mukaan lukien eristelevyvalmistus, yksikomponenttivaahtovalmistus (OCF) sek\u00e4 PUR ja PIR systeemit esim. sandwich-elementtituotantoon.&nbsp;Tuotteidemme ainutlaatuinen ominaisuus on niiden r\u00e4\u00e4t\u00e4l\u00f6it\u00e4vyys: voimme muokata polyesteripolyolien ominaisuudet tarkasti juuri teid\u00e4n tarpeitanne &hellip; <\/p>\n<p class=\"link-more\"><a href=\"http:\/\/inosence.com\/?page_id=304&#038;lang=fi\" class=\"more-link\">Jatka lukemista<span class=\"screen-reader-text\"> &#8221;Tuotteet&#8221;<\/span><\/a><\/p>\n","protected":false},"author":1,"featured_media":0,"parent":0,"menu_order":0,"comment_status":"closed","ping_status":"closed","template":"","meta":{"inline_featured_image":false,"footnotes":""},"class_list":["post-304","page","type-page","status-publish","hentry"],"yoast_head":"<!-- This site is optimized with the Yoast SEO plugin v27.5 - https:\/\/yoast.com\/product\/yoast-seo-wordpress\/ -->\n<title>Inosence Tuotteet<\/title>\n<meta name=\"description\" content=\"Inosence tarjoaa kaikenlaisia polyesteripolyoleja polyuretaanivaahtotuotantoon, mukaan lukien eristelevyvalmistus, yksikomponenttivaahtovalmistus (OCF) sek\u00e4 PUR ja PIR systeemeit\u00e4 esim. sandwich-elementtituotantoon. Inosence tuotteet.\" \/>\n<meta name=\"robots\" content=\"index, follow, max-snippet:-1, max-image-preview:large, max-video-preview:-1\" \/>\n<link rel=\"canonical\" href=\"http:\/\/inosence.com\/?page_id=304&lang=fi\" \/>\n<meta property=\"og:locale\" content=\"fi_FI\" \/>\n<meta property=\"og:type\" content=\"article\" \/>\n<meta property=\"og:title\" content=\"Inosence Tuotteet\" \/>\n<meta property=\"og:description\" content=\"Inosence tarjoaa kaikenlaisia polyesteripolyoleja polyuretaanivaahtotuotantoon, mukaan lukien eristelevyvalmistus, yksikomponenttivaahtovalmistus (OCF) sek\u00e4 PUR ja PIR systeemeit\u00e4 esim. sandwich-elementtituotantoon. Inosence tuotteet.\" \/>\n<meta property=\"og:url\" content=\"http:\/\/inosence.com\/?page_id=304&amp;lang=fi\" \/>\n<meta property=\"article:modified_time\" content=\"2024-07-11T10:51:36+00:00\" \/>\n<meta property=\"og:image\" content=\"http:\/\/inosence.com\/wp-content\/uploads\/2024\/07\/PETPolyoli008.jpg\" \/>\n<meta name=\"twitter:card\" content=\"summary_large_image\" \/>\n<meta name=\"twitter:label1\" content=\"Arvioitu lukuaika\" \/>\n\t<meta name=\"twitter:data1\" content=\"3 minuuttia\" \/>\n<script type=\"application\/ld+json\" class=\"yoast-schema-graph\">{\"@context\":\"https:\\\/\\\/schema.org\",\"@graph\":[{\"@type\":\"WebPage\",\"@id\":\"http:\\\/\\\/inosence.com\\\/?page_id=304&lang=fi\",\"url\":\"http:\\\/\\\/inosence.com\\\/?page_id=304&lang=fi\",\"name\":\"Inosence Tuotteet\",\"isPartOf\":{\"@id\":\"http:\\\/\\\/inosence.com\\\/#website\"},\"primaryImageOfPage\":{\"@id\":\"http:\\\/\\\/inosence.com\\\/?page_id=304&lang=fi#primaryimage\"},\"image\":{\"@id\":\"http:\\\/\\\/inosence.com\\\/?page_id=304&lang=fi#primaryimage\"},\"thumbnailUrl\":\"http:\\\/\\\/inosence.com\\\/wp-content\\\/uploads\\\/2024\\\/07\\\/PETPolyoli008.jpg\",\"datePublished\":\"2022-04-18T10:22:18+00:00\",\"dateModified\":\"2024-07-11T10:51:36+00:00\",\"description\":\"Inosence tarjoaa kaikenlaisia polyesteripolyoleja polyuretaanivaahtotuotantoon, mukaan lukien eristelevyvalmistus, yksikomponenttivaahtovalmistus (OCF) sek\u00e4 PUR ja PIR systeemeit\u00e4 esim. sandwich-elementtituotantoon. Inosence tuotteet.\",\"breadcrumb\":{\"@id\":\"http:\\\/\\\/inosence.com\\\/?page_id=304&lang=fi#breadcrumb\"},\"inLanguage\":\"fi\",\"potentialAction\":[{\"@type\":\"ReadAction\",\"target\":[\"http:\\\/\\\/inosence.com\\\/?page_id=304&lang=fi\"]}]},{\"@type\":\"ImageObject\",\"inLanguage\":\"fi\",\"@id\":\"http:\\\/\\\/inosence.com\\\/?page_id=304&lang=fi#primaryimage\",\"url\":\"http:\\\/\\\/inosence.com\\\/wp-content\\\/uploads\\\/2024\\\/07\\\/PETPolyoli008.jpg\",\"contentUrl\":\"http:\\\/\\\/inosence.com\\\/wp-content\\\/uploads\\\/2024\\\/07\\\/PETPolyoli008.jpg\",\"width\":1024,\"height\":683,\"caption\":\"Matka raaka-aineesta tuotteeksi\"},{\"@type\":\"BreadcrumbList\",\"@id\":\"http:\\\/\\\/inosence.com\\\/?page_id=304&lang=fi#breadcrumb\",\"itemListElement\":[{\"@type\":\"ListItem\",\"position\":1,\"name\":\"Etusivu\",\"item\":\"http:\\\/\\\/inosence.com\\\/\"},{\"@type\":\"ListItem\",\"position\":2,\"name\":\"Tuotteet\"}]},{\"@type\":\"WebSite\",\"@id\":\"http:\\\/\\\/inosence.com\\\/#website\",\"url\":\"http:\\\/\\\/inosence.com\\\/\",\"name\":\"inosence.com\",\"description\":\"Nordic Pure Polyol\",\"publisher\":{\"@id\":\"http:\\\/\\\/inosence.com\\\/#organization\"},\"potentialAction\":[{\"@type\":\"SearchAction\",\"target\":{\"@type\":\"EntryPoint\",\"urlTemplate\":\"http:\\\/\\\/inosence.com\\\/?s={search_term_string}\"},\"query-input\":{\"@type\":\"PropertyValueSpecification\",\"valueRequired\":true,\"valueName\":\"search_term_string\"}}],\"inLanguage\":\"fi\"},{\"@type\":\"Organization\",\"@id\":\"http:\\\/\\\/inosence.com\\\/#organization\",\"name\":\"Inosence Polyol Finland\",\"alternateName\":\"PET based polyester polyols\",\"url\":\"http:\\\/\\\/inosence.com\\\/\",\"logo\":{\"@type\":\"ImageObject\",\"inLanguage\":\"fi\",\"@id\":\"http:\\\/\\\/inosence.com\\\/#\\\/schema\\\/logo\\\/image\\\/\",\"url\":\"http:\\\/\\\/inosence.com\\\/wp-content\\\/uploads\\\/2022\\\/04\\\/cropped-Web-kuva_tyo.jpg\",\"contentUrl\":\"http:\\\/\\\/inosence.com\\\/wp-content\\\/uploads\\\/2022\\\/04\\\/cropped-Web-kuva_tyo.jpg\",\"width\":2000,\"height\":1200,\"caption\":\"Inosence Polyol Finland\"},\"image\":{\"@id\":\"http:\\\/\\\/inosence.com\\\/#\\\/schema\\\/logo\\\/image\\\/\"}}]}<\/script>\n<!-- \/ Yoast SEO plugin. -->","yoast_head_json":{"title":"Inosence Tuotteet","description":"Inosence tarjoaa kaikenlaisia polyesteripolyoleja polyuretaanivaahtotuotantoon, mukaan lukien eristelevyvalmistus, yksikomponenttivaahtovalmistus (OCF) sek\u00e4 PUR ja PIR systeemeit\u00e4 esim. sandwich-elementtituotantoon. Inosence tuotteet.","robots":{"index":"index","follow":"follow","max-snippet":"max-snippet:-1","max-image-preview":"max-image-preview:large","max-video-preview":"max-video-preview:-1"},"canonical":"http:\/\/inosence.com\/?page_id=304&lang=fi","og_locale":"fi_FI","og_type":"article","og_title":"Inosence Tuotteet","og_description":"Inosence tarjoaa kaikenlaisia polyesteripolyoleja polyuretaanivaahtotuotantoon, mukaan lukien eristelevyvalmistus, yksikomponenttivaahtovalmistus (OCF) sek\u00e4 PUR ja PIR systeemeit\u00e4 esim. sandwich-elementtituotantoon. Inosence tuotteet.","og_url":"http:\/\/inosence.com\/?page_id=304&lang=fi","article_modified_time":"2024-07-11T10:51:36+00:00","og_image":[{"url":"http:\/\/inosence.com\/wp-content\/uploads\/2024\/07\/PETPolyoli008.jpg","type":"","width":"","height":""}],"twitter_card":"summary_large_image","twitter_misc":{"Arvioitu lukuaika":"3 minuuttia"},"schema":{"@context":"https:\/\/schema.org","@graph":[{"@type":"WebPage","@id":"http:\/\/inosence.com\/?page_id=304&lang=fi","url":"http:\/\/inosence.com\/?page_id=304&lang=fi","name":"Inosence Tuotteet","isPartOf":{"@id":"http:\/\/inosence.com\/#website"},"primaryImageOfPage":{"@id":"http:\/\/inosence.com\/?page_id=304&lang=fi#primaryimage"},"image":{"@id":"http:\/\/inosence.com\/?page_id=304&lang=fi#primaryimage"},"thumbnailUrl":"http:\/\/inosence.com\/wp-content\/uploads\/2024\/07\/PETPolyoli008.jpg","datePublished":"2022-04-18T10:22:18+00:00","dateModified":"2024-07-11T10:51:36+00:00","description":"Inosence tarjoaa kaikenlaisia polyesteripolyoleja polyuretaanivaahtotuotantoon, mukaan lukien eristelevyvalmistus, yksikomponenttivaahtovalmistus (OCF) sek\u00e4 PUR ja PIR systeemeit\u00e4 esim. sandwich-elementtituotantoon. Inosence tuotteet.","breadcrumb":{"@id":"http:\/\/inosence.com\/?page_id=304&lang=fi#breadcrumb"},"inLanguage":"fi","potentialAction":[{"@type":"ReadAction","target":["http:\/\/inosence.com\/?page_id=304&lang=fi"]}]},{"@type":"ImageObject","inLanguage":"fi","@id":"http:\/\/inosence.com\/?page_id=304&lang=fi#primaryimage","url":"http:\/\/inosence.com\/wp-content\/uploads\/2024\/07\/PETPolyoli008.jpg","contentUrl":"http:\/\/inosence.com\/wp-content\/uploads\/2024\/07\/PETPolyoli008.jpg","width":1024,"height":683,"caption":"Matka raaka-aineesta tuotteeksi"},{"@type":"BreadcrumbList","@id":"http:\/\/inosence.com\/?page_id=304&lang=fi#breadcrumb","itemListElement":[{"@type":"ListItem","position":1,"name":"Etusivu","item":"http:\/\/inosence.com\/"},{"@type":"ListItem","position":2,"name":"Tuotteet"}]},{"@type":"WebSite","@id":"http:\/\/inosence.com\/#website","url":"http:\/\/inosence.com\/","name":"inosence.com","description":"Nordic Pure Polyol","publisher":{"@id":"http:\/\/inosence.com\/#organization"},"potentialAction":[{"@type":"SearchAction","target":{"@type":"EntryPoint","urlTemplate":"http:\/\/inosence.com\/?s={search_term_string}"},"query-input":{"@type":"PropertyValueSpecification","valueRequired":true,"valueName":"search_term_string"}}],"inLanguage":"fi"},{"@type":"Organization","@id":"http:\/\/inosence.com\/#organization","name":"Inosence Polyol Finland","alternateName":"PET based polyester polyols","url":"http:\/\/inosence.com\/","logo":{"@type":"ImageObject","inLanguage":"fi","@id":"http:\/\/inosence.com\/#\/schema\/logo\/image\/","url":"http:\/\/inosence.com\/wp-content\/uploads\/2022\/04\/cropped-Web-kuva_tyo.jpg","contentUrl":"http:\/\/inosence.com\/wp-content\/uploads\/2022\/04\/cropped-Web-kuva_tyo.jpg","width":2000,"height":1200,"caption":"Inosence Polyol Finland"},"image":{"@id":"http:\/\/inosence.com\/#\/schema\/logo\/image\/"}}]}},"_links":{"self":[{"href":"http:\/\/inosence.com\/index.php?rest_route=\/wp\/v2\/pages\/304","targetHints":{"allow":["GET"]}}],"collection":[{"href":"http:\/\/inosence.com\/index.php?rest_route=\/wp\/v2\/pages"}],"about":[{"href":"http:\/\/inosence.com\/index.php?rest_route=\/wp\/v2\/types\/page"}],"author":[{"embeddable":true,"href":"http:\/\/inosence.com\/index.php?rest_route=\/wp\/v2\/users\/1"}],"replies":[{"embeddable":true,"href":"http:\/\/inosence.com\/index.php?rest_route=%2Fwp%2Fv2%2Fcomments&post=304"}],"version-history":[{"count":13,"href":"http:\/\/inosence.com\/index.php?rest_route=\/wp\/v2\/pages\/304\/revisions"}],"predecessor-version":[{"id":581,"href":"http:\/\/inosence.com\/index.php?rest_route=\/wp\/v2\/pages\/304\/revisions\/581"}],"wp:attachment":[{"href":"http:\/\/inosence.com\/index.php?rest_route=%2Fwp%2Fv2%2Fmedia&parent=304"}],"curies":[{"name":"wp","href":"https:\/\/api.w.org\/{rel}","templated":true}]}}