{"id":267,"date":"2022-04-18T12:36:36","date_gmt":"2022-04-18T09:36:36","guid":{"rendered":"http:\/\/inosence.com\/?page_id=267"},"modified":"2024-07-11T13:49:26","modified_gmt":"2024-07-11T10:49:26","slug":"inosence-yritys","status":"publish","type":"page","link":"http:\/\/inosence.com\/?page_id=267&lang=fi","title":{"rendered":"Yritys"},"content":{"rendered":"\n<p style=\"font-size:25px;letter-spacing:5px\">Kierr\u00e4tysmuovilla vallankumouksellista eristyst\u00e4 &#8211; Kest\u00e4vi\u00e4 ratkaisuja tulevaisuutta varten<\/p>\n\n\n\n<p style=\"font-size:15px;line-height:1.8\">Inosence Polyol Oy on erikoistunut polyesteripolyolien valmistukseen kierr\u00e4tetyst\u00e4 PET-muovista polyuretaanieristeteollisuuden tarpeisiin. Olemme sitoutuneet edist\u00e4m\u00e4\u00e4n kest\u00e4v\u00e4\u00e4 kehityst\u00e4 ja kiertotaloutta tarjoamalla innovatiivisia ratkaisuja erilaisten eristysmateriaalien valmistukseen. Tavoitteenamme on tarjota asiakkailleen korkealaatuisia ja kest\u00e4vi\u00e4 polyuretaanij\u00e4rjestelmi\u00e4. Vahvuutemme on kyky tuottaa yhden mikronin tarkkuudella suodatettua polyesteripolyolia, hy\u00f6dynt\u00e4m\u00e4ll\u00e4 kierr\u00e4tetty\u00e4 PET-muovia. Koko prosessimme perustuu t\u00e4ysin omaan innovaatioomme, ja olemme kasvaneet laboratoriomittasuhteista varteen otettavaksi kemian teollisuuden tuotantolaitokseksi.<\/p>\n\n\n\n<figure class=\"wp-block-gallery has-nested-images columns-default is-cropped wp-block-gallery-1 is-layout-flex wp-block-gallery-is-layout-flex\">\n<figure class=\"wp-block-image size-large\"><img loading=\"lazy\" decoding=\"async\" width=\"1024\" height=\"1024\" data-id=\"473\" src=\"http:\/\/inosence.com\/wp-content\/uploads\/2024\/07\/1720077269241-1024x1024.jpeg\" alt=\"Tarranauhan taustanauhaa ja esimerkki valmiista tuotteista\" class=\"wp-image-473\" srcset=\"http:\/\/inosence.com\/wp-content\/uploads\/2024\/07\/1720077269241-1024x1024.jpeg 1024w, http:\/\/inosence.com\/wp-content\/uploads\/2024\/07\/1720077269241-300x300.jpeg 300w, http:\/\/inosence.com\/wp-content\/uploads\/2024\/07\/1720077269241-150x150.jpeg 150w, http:\/\/inosence.com\/wp-content\/uploads\/2024\/07\/1720077269241-768x768.jpeg 768w, http:\/\/inosence.com\/wp-content\/uploads\/2024\/07\/1720077269241-100x100.jpeg 100w, http:\/\/inosence.com\/wp-content\/uploads\/2024\/07\/1720077269241.jpeg 1039w\" sizes=\"auto, (max-width: 706px) 89vw, (max-width: 767px) 82vw, 740px\" \/><\/figure>\n\n\n\n<figure class=\"wp-block-image size-large\"><img loading=\"lazy\" decoding=\"async\" width=\"683\" height=\"1024\" data-id=\"439\" src=\"http:\/\/inosence.com\/wp-content\/uploads\/2023\/09\/PETPolyoli006-683x1024.jpg\" alt=\"Raw material pet flakes\" class=\"wp-image-439\" srcset=\"http:\/\/inosence.com\/wp-content\/uploads\/2023\/09\/PETPolyoli006-683x1024.jpg 683w, http:\/\/inosence.com\/wp-content\/uploads\/2023\/09\/PETPolyoli006-200x300.jpg 200w, http:\/\/inosence.com\/wp-content\/uploads\/2023\/09\/PETPolyoli006-768x1152.jpg 768w, http:\/\/inosence.com\/wp-content\/uploads\/2023\/09\/PETPolyoli006.jpg 1024w\" sizes=\"auto, (max-width: 683px) 100vw, 683px\" \/><\/figure>\n\n\n\n<figure class=\"wp-block-image size-full\"><img loading=\"lazy\" decoding=\"async\" width=\"512\" height=\"768\" data-id=\"462\" src=\"http:\/\/inosence.com\/wp-content\/uploads\/2024\/07\/PETPolyoli009-2.jpg\" alt=\"\" class=\"wp-image-462\" srcset=\"http:\/\/inosence.com\/wp-content\/uploads\/2024\/07\/PETPolyoli009-2.jpg 512w, http:\/\/inosence.com\/wp-content\/uploads\/2024\/07\/PETPolyoli009-2-200x300.jpg 200w\" sizes=\"auto, (max-width: 512px) 100vw, 512px\" \/><\/figure>\n<figcaption class=\"blocks-gallery-caption wp-element-caption\">K\u00e4yt\u00e4mme raaka-aineena mm. tarranauhan taustanauhaa, jota voimme uniikin prosessin avulla hy\u00f6dynt\u00e4\u00e4 sen silikonipitoisuudesta huolimatta. Nauhat murskataan ja ajetaan prosessin l\u00e4pi, josta lopputuotteena saamme<br>1 \u00b5m tarkkuudella suodatettua polyesteripolyolia. <\/figcaption><\/figure>\n\n\n\n<p><strong>Haluamme olla jatkuvasti kehittyv\u00e4 edell\u00e4k\u00e4vij\u00e4<\/strong><\/p>\n\n\n\n<p style=\"font-size:15px;line-height:1.8\">Toimintamme perustuu vahvaan kemianosaamiseen ja ymp\u00e4rist\u00f6vastuuseen. Vuonna 2016 perustettu omaan innovaatioon perustuva kemianyhti\u00f6 jatkaa kasvuaan. Vuoden 2023 aikana olemme investoineet varastointikapasiteettiin viisinkertaistamalla s\u00e4ili\u00f6kapasiteettimme. Pyrimme jatkuvasti kehitt\u00e4m\u00e4\u00e4n uusia innovaatioita ja parantamaan prosesseja entist\u00e4 paremmiksi ja tehokkaamiksi. Viimeisimp\u00e4n\u00e4 kehityksen tuloksena prosessista sivutuotteena syntynyt glykoli voidaan nyky\u00e4\u00e4n myyd\u00e4 uudelleen k\u00e4ytett\u00e4v\u00e4ksi eri k\u00e4ytt\u00f6tarkoituksiin.<\/p>\n\n\n\n<p><strong>Kehitysty\u00f6t\u00e4 yhdess\u00e4 asiakkaiden ja toimittajien kanssa<\/strong><\/p>\n\n\n\n<p style=\"font-size:15px;line-height:1.8\">Olemme sitoutuneet asiakastyytyv\u00e4isyyteen ja pitk\u00e4aikaiseen kumppanuuteen. Tarjoamme r\u00e4\u00e4t\u00e4l\u00f6ityj\u00e4 ratkaisuja asiakkaiden tarpeiden mukaan. Haluamme luoda pitk\u00e4aikaisia ja kest\u00e4vi\u00e4 suhteita yhteisty\u00f6kumppaneidensa kanssa. Hyv\u00e4 esimerkki asiakkaistamme on salolainen FinnFoam, joka k\u00e4ytt\u00e4\u00e4 tuottamaamme kierr\u00e4tyspolyolia jo 100 prosenttisesti PIR-eristelevyjen toisena p\u00e4\u00e4raaka-aineena.&nbsp;<\/p>\n\n\n\n<p><strong>Energiatehokkuutta kierr\u00e4tysmuovista<\/strong><\/p>\n\n\n\n<p style=\"font-size:17px;line-height:1.8\">Toimintamme auttaa v\u00e4hent\u00e4m\u00e4\u00e4n konkreettisesti muovij\u00e4tteen m\u00e4\u00e4r\u00e4\u00e4, s\u00e4\u00e4st\u00e4m\u00e4\u00e4n luonnonvaroja ja pienent\u00e4m\u00e4\u00e4n eriste- ja rakennusteollisuuden elinkaaren aikaisia ymp\u00e4rist\u00f6vaikutuksia. Kaupallisen toimintamme alkamisesta vuoden 2023 loppuun olemme jalostaneet yli 1 000&nbsp;000 kg j\u00e4te- ja kierr\u00e4tysmuovia uuteen k\u00e4ytt\u00f6\u00f6n.<\/p>\n","protected":false},"excerpt":{"rendered":"<p>Kierr\u00e4tysmuovilla vallankumouksellista eristyst\u00e4 &#8211; Kest\u00e4vi\u00e4 ratkaisuja tulevaisuutta varten Inosence Polyol Oy on erikoistunut polyesteripolyolien valmistukseen kierr\u00e4tetyst\u00e4 PET-muovista polyuretaanieristeteollisuuden tarpeisiin. Olemme sitoutuneet edist\u00e4m\u00e4\u00e4n kest\u00e4v\u00e4\u00e4 kehityst\u00e4 ja kiertotaloutta tarjoamalla innovatiivisia ratkaisuja erilaisten eristysmateriaalien valmistukseen. Tavoitteenamme on tarjota asiakkailleen korkealaatuisia ja kest\u00e4vi\u00e4 polyuretaanij\u00e4rjestelmi\u00e4. Vahvuutemme on kyky tuottaa yhden mikronin tarkkuudella suodatettua polyesteripolyolia, hy\u00f6dynt\u00e4m\u00e4ll\u00e4 kierr\u00e4tetty\u00e4 PET-muovia. Koko prosessimme perustuu &hellip; <\/p>\n<p class=\"link-more\"><a href=\"http:\/\/inosence.com\/?page_id=267&#038;lang=fi\" class=\"more-link\">Jatka lukemista<span class=\"screen-reader-text\"> &#8221;Yritys&#8221;<\/span><\/a><\/p>\n","protected":false},"author":1,"featured_media":0,"parent":0,"menu_order":0,"comment_status":"closed","ping_status":"closed","template":"","meta":{"inline_featured_image":false,"footnotes":""},"class_list":["post-267","page","type-page","status-publish","hentry"],"yoast_head":"<!-- This site is optimized with the Yoast SEO plugin v27.5 - https:\/\/yoast.com\/product\/yoast-seo-wordpress\/ -->\n<title>Inosence Yritys<\/title>\n<meta name=\"description\" content=\"Inosence Yritys Inosence Polyol Oy on suomalaishollantilainen kemianyhti\u00f6.\" \/>\n<meta name=\"robots\" content=\"index, follow, max-snippet:-1, max-image-preview:large, max-video-preview:-1\" \/>\n<link rel=\"canonical\" href=\"http:\/\/inosence.com\/?page_id=267&lang=fi\" \/>\n<meta property=\"og:locale\" content=\"fi_FI\" \/>\n<meta property=\"og:type\" content=\"article\" \/>\n<meta property=\"og:title\" content=\"Inosence Yritys\" \/>\n<meta property=\"og:description\" content=\"Inosence Yritys Inosence Polyol Oy on suomalaishollantilainen kemianyhti\u00f6.\" \/>\n<meta property=\"og:url\" content=\"http:\/\/inosence.com\/?page_id=267&amp;lang=fi\" \/>\n<meta property=\"article:modified_time\" content=\"2024-07-11T10:49:26+00:00\" \/>\n<meta property=\"og:image\" content=\"http:\/\/inosence.com\/wp-content\/uploads\/2024\/07\/1720077269241-1024x1024.jpeg\" \/>\n<meta name=\"twitter:card\" content=\"summary_large_image\" \/>\n<meta name=\"twitter:label1\" content=\"Arvioitu lukuaika\" \/>\n\t<meta name=\"twitter:data1\" content=\"3 minuuttia\" \/>\n<script type=\"application\/ld+json\" class=\"yoast-schema-graph\">{\"@context\":\"https:\\\/\\\/schema.org\",\"@graph\":[{\"@type\":\"WebPage\",\"@id\":\"http:\\\/\\\/inosence.com\\\/?page_id=267&lang=fi\",\"url\":\"http:\\\/\\\/inosence.com\\\/?page_id=267&lang=fi\",\"name\":\"Inosence Yritys\",\"isPartOf\":{\"@id\":\"http:\\\/\\\/inosence.com\\\/#website\"},\"primaryImageOfPage\":{\"@id\":\"http:\\\/\\\/inosence.com\\\/?page_id=267&lang=fi#primaryimage\"},\"image\":{\"@id\":\"http:\\\/\\\/inosence.com\\\/?page_id=267&lang=fi#primaryimage\"},\"thumbnailUrl\":\"http:\\\/\\\/inosence.com\\\/wp-content\\\/uploads\\\/2024\\\/07\\\/1720077269241-1024x1024.jpeg\",\"datePublished\":\"2022-04-18T09:36:36+00:00\",\"dateModified\":\"2024-07-11T10:49:26+00:00\",\"description\":\"Inosence Yritys Inosence Polyol Oy on suomalaishollantilainen kemianyhti\u00f6.\",\"breadcrumb\":{\"@id\":\"http:\\\/\\\/inosence.com\\\/?page_id=267&lang=fi#breadcrumb\"},\"inLanguage\":\"fi\",\"potentialAction\":[{\"@type\":\"ReadAction\",\"target\":[\"http:\\\/\\\/inosence.com\\\/?page_id=267&lang=fi\"]}]},{\"@type\":\"ImageObject\",\"inLanguage\":\"fi\",\"@id\":\"http:\\\/\\\/inosence.com\\\/?page_id=267&lang=fi#primaryimage\",\"url\":\"http:\\\/\\\/inosence.com\\\/wp-content\\\/uploads\\\/2024\\\/07\\\/1720077269241.jpeg\",\"contentUrl\":\"http:\\\/\\\/inosence.com\\\/wp-content\\\/uploads\\\/2024\\\/07\\\/1720077269241.jpeg\",\"width\":1039,\"height\":1039,\"caption\":\"PET-j\u00e4tteest\u00e4 valmistamme polyesteripolyolia, joka on toinen p\u00e4\u00e4raaka-aine eriteteollisuudessa.\"},{\"@type\":\"BreadcrumbList\",\"@id\":\"http:\\\/\\\/inosence.com\\\/?page_id=267&lang=fi#breadcrumb\",\"itemListElement\":[{\"@type\":\"ListItem\",\"position\":1,\"name\":\"Etusivu\",\"item\":\"http:\\\/\\\/inosence.com\\\/\"},{\"@type\":\"ListItem\",\"position\":2,\"name\":\"Yritys\"}]},{\"@type\":\"WebSite\",\"@id\":\"http:\\\/\\\/inosence.com\\\/#website\",\"url\":\"http:\\\/\\\/inosence.com\\\/\",\"name\":\"inosence.com\",\"description\":\"Nordic Pure Polyol\",\"publisher\":{\"@id\":\"http:\\\/\\\/inosence.com\\\/#organization\"},\"potentialAction\":[{\"@type\":\"SearchAction\",\"target\":{\"@type\":\"EntryPoint\",\"urlTemplate\":\"http:\\\/\\\/inosence.com\\\/?s={search_term_string}\"},\"query-input\":{\"@type\":\"PropertyValueSpecification\",\"valueRequired\":true,\"valueName\":\"search_term_string\"}}],\"inLanguage\":\"fi\"},{\"@type\":\"Organization\",\"@id\":\"http:\\\/\\\/inosence.com\\\/#organization\",\"name\":\"Inosence Polyol Finland\",\"alternateName\":\"PET based polyester polyols\",\"url\":\"http:\\\/\\\/inosence.com\\\/\",\"logo\":{\"@type\":\"ImageObject\",\"inLanguage\":\"fi\",\"@id\":\"http:\\\/\\\/inosence.com\\\/#\\\/schema\\\/logo\\\/image\\\/\",\"url\":\"http:\\\/\\\/inosence.com\\\/wp-content\\\/uploads\\\/2022\\\/04\\\/cropped-Web-kuva_tyo.jpg\",\"contentUrl\":\"http:\\\/\\\/inosence.com\\\/wp-content\\\/uploads\\\/2022\\\/04\\\/cropped-Web-kuva_tyo.jpg\",\"width\":2000,\"height\":1200,\"caption\":\"Inosence Polyol Finland\"},\"image\":{\"@id\":\"http:\\\/\\\/inosence.com\\\/#\\\/schema\\\/logo\\\/image\\\/\"}}]}<\/script>\n<!-- \/ Yoast SEO plugin. -->","yoast_head_json":{"title":"Inosence Yritys","description":"Inosence Yritys Inosence Polyol Oy on suomalaishollantilainen kemianyhti\u00f6.","robots":{"index":"index","follow":"follow","max-snippet":"max-snippet:-1","max-image-preview":"max-image-preview:large","max-video-preview":"max-video-preview:-1"},"canonical":"http:\/\/inosence.com\/?page_id=267&lang=fi","og_locale":"fi_FI","og_type":"article","og_title":"Inosence Yritys","og_description":"Inosence Yritys Inosence Polyol Oy on suomalaishollantilainen kemianyhti\u00f6.","og_url":"http:\/\/inosence.com\/?page_id=267&lang=fi","article_modified_time":"2024-07-11T10:49:26+00:00","og_image":[{"url":"http:\/\/inosence.com\/wp-content\/uploads\/2024\/07\/1720077269241-1024x1024.jpeg","type":"","width":"","height":""}],"twitter_card":"summary_large_image","twitter_misc":{"Arvioitu lukuaika":"3 minuuttia"},"schema":{"@context":"https:\/\/schema.org","@graph":[{"@type":"WebPage","@id":"http:\/\/inosence.com\/?page_id=267&lang=fi","url":"http:\/\/inosence.com\/?page_id=267&lang=fi","name":"Inosence Yritys","isPartOf":{"@id":"http:\/\/inosence.com\/#website"},"primaryImageOfPage":{"@id":"http:\/\/inosence.com\/?page_id=267&lang=fi#primaryimage"},"image":{"@id":"http:\/\/inosence.com\/?page_id=267&lang=fi#primaryimage"},"thumbnailUrl":"http:\/\/inosence.com\/wp-content\/uploads\/2024\/07\/1720077269241-1024x1024.jpeg","datePublished":"2022-04-18T09:36:36+00:00","dateModified":"2024-07-11T10:49:26+00:00","description":"Inosence Yritys Inosence Polyol Oy on suomalaishollantilainen kemianyhti\u00f6.","breadcrumb":{"@id":"http:\/\/inosence.com\/?page_id=267&lang=fi#breadcrumb"},"inLanguage":"fi","potentialAction":[{"@type":"ReadAction","target":["http:\/\/inosence.com\/?page_id=267&lang=fi"]}]},{"@type":"ImageObject","inLanguage":"fi","@id":"http:\/\/inosence.com\/?page_id=267&lang=fi#primaryimage","url":"http:\/\/inosence.com\/wp-content\/uploads\/2024\/07\/1720077269241.jpeg","contentUrl":"http:\/\/inosence.com\/wp-content\/uploads\/2024\/07\/1720077269241.jpeg","width":1039,"height":1039,"caption":"PET-j\u00e4tteest\u00e4 valmistamme polyesteripolyolia, joka on toinen p\u00e4\u00e4raaka-aine eriteteollisuudessa."},{"@type":"BreadcrumbList","@id":"http:\/\/inosence.com\/?page_id=267&lang=fi#breadcrumb","itemListElement":[{"@type":"ListItem","position":1,"name":"Etusivu","item":"http:\/\/inosence.com\/"},{"@type":"ListItem","position":2,"name":"Yritys"}]},{"@type":"WebSite","@id":"http:\/\/inosence.com\/#website","url":"http:\/\/inosence.com\/","name":"inosence.com","description":"Nordic Pure Polyol","publisher":{"@id":"http:\/\/inosence.com\/#organization"},"potentialAction":[{"@type":"SearchAction","target":{"@type":"EntryPoint","urlTemplate":"http:\/\/inosence.com\/?s={search_term_string}"},"query-input":{"@type":"PropertyValueSpecification","valueRequired":true,"valueName":"search_term_string"}}],"inLanguage":"fi"},{"@type":"Organization","@id":"http:\/\/inosence.com\/#organization","name":"Inosence Polyol Finland","alternateName":"PET based polyester polyols","url":"http:\/\/inosence.com\/","logo":{"@type":"ImageObject","inLanguage":"fi","@id":"http:\/\/inosence.com\/#\/schema\/logo\/image\/","url":"http:\/\/inosence.com\/wp-content\/uploads\/2022\/04\/cropped-Web-kuva_tyo.jpg","contentUrl":"http:\/\/inosence.com\/wp-content\/uploads\/2022\/04\/cropped-Web-kuva_tyo.jpg","width":2000,"height":1200,"caption":"Inosence Polyol Finland"},"image":{"@id":"http:\/\/inosence.com\/#\/schema\/logo\/image\/"}}]}},"_links":{"self":[{"href":"http:\/\/inosence.com\/index.php?rest_route=\/wp\/v2\/pages\/267","targetHints":{"allow":["GET"]}}],"collection":[{"href":"http:\/\/inosence.com\/index.php?rest_route=\/wp\/v2\/pages"}],"about":[{"href":"http:\/\/inosence.com\/index.php?rest_route=\/wp\/v2\/types\/page"}],"author":[{"embeddable":true,"href":"http:\/\/inosence.com\/index.php?rest_route=\/wp\/v2\/users\/1"}],"replies":[{"embeddable":true,"href":"http:\/\/inosence.com\/index.php?rest_route=%2Fwp%2Fv2%2Fcomments&post=267"}],"version-history":[{"count":20,"href":"http:\/\/inosence.com\/index.php?rest_route=\/wp\/v2\/pages\/267\/revisions"}],"predecessor-version":[{"id":583,"href":"http:\/\/inosence.com\/index.php?rest_route=\/wp\/v2\/pages\/267\/revisions\/583"}],"wp:attachment":[{"href":"http:\/\/inosence.com\/index.php?rest_route=%2Fwp%2Fv2%2Fmedia&parent=267"}],"curies":[{"name":"wp","href":"https:\/\/api.w.org\/{rel}","templated":true}]}}